{"id":28,"date":"2024-03-19T19:26:50","date_gmt":"2024-03-19T19:26:50","guid":{"rendered":"https:\/\/www.nuohouspalveluvaananen.fi\/?page_id=28"},"modified":"2024-03-21T11:32:46","modified_gmt":"2024-03-21T11:32:46","slug":"yhteystiedot","status":"publish","type":"page","link":"https:\/\/www.nuohouspalveluvaananen.fi\/index.php\/yhteystiedot\/","title":{"rendered":"yhteystiedot"},"content":{"rendered":"\n<p>puh. 045 1488 940 \/ Paavo V\u00e4\u00e4n\u00e4nen<\/p>\n\n\n\n<p>sp nuohouspalveluvaananen@gmail.com<\/p>\n\n\n\n<figure class=\"wp-block-image size-large is-resized\"><img loading=\"lazy\" decoding=\"async\" width=\"1024\" height=\"1024\" src=\"https:\/\/www.nuohouspalveluvaananen.fi\/wp-content\/uploads\/2024\/03\/IMG_20230819_202944_151-1024x1024.jpg\" alt=\"\" class=\"wp-image-75\" style=\"width:156px;height:auto\" srcset=\"https:\/\/www.nuohouspalveluvaananen.fi\/wp-content\/uploads\/2024\/03\/IMG_20230819_202944_151-1024x1024.jpg 1024w, https:\/\/www.nuohouspalveluvaananen.fi\/wp-content\/uploads\/2024\/03\/IMG_20230819_202944_151-300x300.jpg 300w, https:\/\/www.nuohouspalveluvaananen.fi\/wp-content\/uploads\/2024\/03\/IMG_20230819_202944_151-150x150.jpg 150w, https:\/\/www.nuohouspalveluvaananen.fi\/wp-content\/uploads\/2024\/03\/IMG_20230819_202944_151-768x768.jpg 768w, https:\/\/www.nuohouspalveluvaananen.fi\/wp-content\/uploads\/2024\/03\/IMG_20230819_202944_151-1536x1536.jpg 1536w, https:\/\/www.nuohouspalveluvaananen.fi\/wp-content\/uploads\/2024\/03\/IMG_20230819_202944_151-2048x2048.jpg 2048w\" sizes=\"(max-width: 1024px) 100vw, 1024px\" \/><\/figure>\n\n\n\n<p><a href=\"https:\/\/www.nuohouspalveluvaananen.fi\/index.php\/nuohouspalvelu-vaananen\/\" data-type=\"page\" data-id=\"8\"><strong>&lt;-takaisin<\/strong><\/a><\/p>\n","protected":false},"excerpt":{"rendered":"<p>puh. 045 1488 940 \/ Paavo V\u00e4\u00e4n\u00e4nen sp nuohouspalveluvaananen@gmail.com &lt;-takaisin<\/p>\n","protected":false},"author":1,"featured_media":0,"parent":0,"menu_order":0,"comment_status":"closed","ping_status":"closed","template":"","meta":{"footnotes":""},"_links":{"self":[{"href":"https:\/\/www.nuohouspalveluvaananen.fi\/index.php\/wp-json\/wp\/v2\/pages\/28"}],"collection":[{"href":"https:\/\/www.nuohouspalveluvaananen.fi\/index.php\/wp-json\/wp\/v2\/pages"}],"about":[{"href":"https:\/\/www.nuohouspalveluvaananen.fi\/index.php\/wp-json\/wp\/v2\/types\/page"}],"author":[{"embeddable":true,"href":"https:\/\/www.nuohouspalveluvaananen.fi\/index.php\/wp-json\/wp\/v2\/users\/1"}],"replies":[{"embeddable":true,"href":"https:\/\/www.nuohouspalveluvaananen.fi\/index.php\/wp-json\/wp\/v2\/comments?post=28"}],"version-history":[{"count":4,"href":"https:\/\/www.nuohouspalveluvaananen.fi\/index.php\/wp-json\/wp\/v2\/pages\/28\/revisions"}],"predecessor-version":[{"id":78,"href":"https:\/\/www.nuohouspalveluvaananen.fi\/index.php\/wp-json\/wp\/v2\/pages\/28\/revisions\/78"}],"wp:attachment":[{"href":"https:\/\/www.nuohouspalveluvaananen.fi\/index.php\/wp-json\/wp\/v2\/media?parent=28"}],"curies":[{"name":"wp","href":"https:\/\/api.w.org\/{rel}","templated":true}]}}